{"id":5605,"date":"2024-01-26T00:19:35","date_gmt":"2024-01-25T23:19:35","guid":{"rendered":"https:\/\/ancka.si\/rooms\/triple-room-with-terrace\/"},"modified":"2024-01-26T00:28:40","modified_gmt":"2024-01-25T23:28:40","slug":"triple-room-with-terrace","status":"publish","type":"page","link":"https:\/\/ancka.si\/en\/rooms\/triple-room-with-terrace\/","title":{"rendered":"Triple room with terrace"},"content":{"rendered":"\t\t<div data-elementor-type=\"wp-page\" data-elementor-id=\"5605\" class=\"elementor elementor-5605 elementor-5591\">\n\t\t\t\t\t\t\t\t\t<section class=\"elementor-section elementor-top-section elementor-element elementor-element-0f687f0 elementor-section-height-min-height elementor-section-stretched elementor-section-boxed elementor-section-height-default elementor-section-items-middle\" data-id=\"0f687f0\" data-element_type=\"section\" data-settings=\"{&quot;stretch_section&quot;:&quot;section-stretched&quot;,&quot;background_background&quot;:&quot;classic&quot;,&quot;grandrestaurant_ext_is_background_parallax&quot;:&quot;true&quot;,&quot;shape_divider_bottom&quot;:&quot;tilt&quot;,&quot;jet_parallax_layout_list&quot;:[{&quot;jet_parallax_layout_image&quot;:{&quot;url&quot;:&quot;&quot;,&quot;id&quot;:&quot;&quot;,&quot;size&quot;:&quot;&quot;},&quot;_id&quot;:&quot;03a550c&quot;,&quot;jet_parallax_layout_image_tablet&quot;:{&quot;url&quot;:&quot;&quot;,&quot;id&quot;:&quot;&quot;,&quot;size&quot;:&quot;&quot;},&quot;jet_parallax_layout_image_mobile&quot;:{&quot;url&quot;:&quot;&quot;,&quot;id&quot;:&quot;&quot;,&quot;size&quot;:&quot;&quot;},&quot;jet_parallax_layout_speed&quot;:{&quot;unit&quot;:&quot;%&quot;,&quot;size&quot;:50,&quot;sizes&quot;:[]},&quot;jet_parallax_layout_type&quot;:&quot;scroll&quot;,&quot;jet_parallax_layout_direction&quot;:null,&quot;jet_parallax_layout_fx_direction&quot;:null,&quot;jet_parallax_layout_z_index&quot;:&quot;&quot;,&quot;jet_parallax_layout_bg_x&quot;:50,&quot;jet_parallax_layout_bg_x_tablet&quot;:&quot;&quot;,&quot;jet_parallax_layout_bg_x_mobile&quot;:&quot;&quot;,&quot;jet_parallax_layout_bg_y&quot;:50,&quot;jet_parallax_layout_bg_y_tablet&quot;:&quot;&quot;,&quot;jet_parallax_layout_bg_y_mobile&quot;:&quot;&quot;,&quot;jet_parallax_layout_bg_size&quot;:&quot;auto&quot;,&quot;jet_parallax_layout_bg_size_tablet&quot;:&quot;&quot;,&quot;jet_parallax_layout_bg_size_mobile&quot;:&quot;&quot;,&quot;jet_parallax_layout_animation_prop&quot;:&quot;transform&quot;,&quot;jet_parallax_layout_on&quot;:[&quot;desktop&quot;,&quot;tablet&quot;]}],&quot;grandrestaurant_ext_is_background_parallax_speed&quot;:{&quot;unit&quot;:&quot;px&quot;,&quot;size&quot;:0.8,&quot;sizes&quot;:[]},&quot;grandrestaurant_ext_is_background_on_scroll&quot;:&quot;false&quot;}\">\n\t\t\t\t\t\t\t<div class=\"elementor-background-overlay\"><\/div>\n\t\t\t\t\t\t<div class=\"elementor-shape elementor-shape-bottom\" data-negative=\"false\">\n\t\t\t<svg xmlns=\"http:\/\/www.w3.org\/2000\/svg\" viewBox=\"0 0 1000 100\" preserveAspectRatio=\"none\">\n\t<path class=\"elementor-shape-fill\" d=\"M0,6V0h1000v100L0,6z\"\/>\n<\/svg>\t\t<\/div>\n\t\t\t\t\t<div class=\"elementor-container elementor-column-gap-default\">\n\t\t\t\t\t<div class=\"elementor-column elementor-col-100 elementor-top-column elementor-element elementor-element-e4db8c5\" data-id=\"e4db8c5\" data-element_type=\"column\" data-settings=\"{&quot;grandrestaurant_ext_link_reservation&quot;:&quot;false&quot;,&quot;grandrestaurant_ext_link_sidemenu&quot;:&quot;false&quot;,&quot;grandrestaurant_ext_is_scrollme&quot;:&quot;false&quot;,&quot;grandrestaurant_ext_is_smoove&quot;:&quot;false&quot;,&quot;grandrestaurant_ext_is_parallax_mouse&quot;:&quot;false&quot;,&quot;grandrestaurant_ext_is_infinite&quot;:&quot;false&quot;,&quot;grandrestaurant_ext_is_fadeout_animation&quot;:&quot;false&quot;}\">\n\t\t\t<div class=\"elementor-widget-wrap elementor-element-populated\">\n\t\t\t\t\t\t\t\t<div class=\"elementor-element elementor-element-183905b elementor-widget__width-auto elementor-widget elementor-widget-grandrestaurant-animated-text\" data-id=\"183905b\" data-element_type=\"widget\" data-settings=\"{&quot;grandrestaurant_ext_link_reservation&quot;:&quot;false&quot;,&quot;grandrestaurant_ext_link_sidemenu&quot;:&quot;false&quot;,&quot;grandrestaurant_ext_is_scrollme&quot;:&quot;false&quot;,&quot;grandrestaurant_ext_is_smoove&quot;:&quot;false&quot;,&quot;grandrestaurant_ext_is_parallax_mouse&quot;:&quot;false&quot;,&quot;grandrestaurant_ext_is_infinite&quot;:&quot;false&quot;}\" data-widget_type=\"grandrestaurant-animated-text.default\">\n\t\t\t\t<div class=\"elementor-widget-container\">\n\t\t\t<div class=\"themegoods-animated-text text-alignment-left transition-bottom overflow-hidden\" data-delimiter=\"word\" data-transition=\"100\" data-transition-delay=\"400\" data-transition-duration=\"800\">\n\t\t<h2>\n\t\t[bentral-text type=\"title\"]: NO POST ID\t<\/h2>\n\t<\/div>\t\t<\/div>\n\t\t\t\t<\/div>\n\t\t\t\t\t<\/div>\n\t\t<\/div>\n\t\t\t\t\t\t\t<\/div>\n\t\t<\/section>\n\t\t\t\t<section class=\"elementor-section elementor-top-section elementor-element elementor-element-40b2fb7 elementor-section-boxed elementor-section-height-default elementor-section-height-default\" data-id=\"40b2fb7\" data-element_type=\"section\" data-settings=\"{&quot;jet_parallax_layout_list&quot;:[],&quot;grandrestaurant_ext_is_background_parallax&quot;:&quot;false&quot;,&quot;grandrestaurant_ext_is_background_on_scroll&quot;:&quot;false&quot;}\">\n\t\t\t\t\t\t<div class=\"elementor-container elementor-column-gap-default\">\n\t\t\t\t\t<div class=\"elementor-column elementor-col-33 elementor-top-column elementor-element elementor-element-128e02a\" data-id=\"128e02a\" data-element_type=\"column\" data-settings=\"{&quot;grandrestaurant_ext_link_reservation&quot;:&quot;false&quot;,&quot;grandrestaurant_ext_link_sidemenu&quot;:&quot;false&quot;,&quot;grandrestaurant_ext_is_scrollme&quot;:&quot;false&quot;,&quot;grandrestaurant_ext_is_smoove&quot;:&quot;false&quot;,&quot;grandrestaurant_ext_is_parallax_mouse&quot;:&quot;false&quot;,&quot;grandrestaurant_ext_is_infinite&quot;:&quot;false&quot;,&quot;grandrestaurant_ext_is_fadeout_animation&quot;:&quot;false&quot;}\">\n\t\t\t<div class=\"elementor-widget-wrap elementor-element-populated\">\n\t\t\t\t\t\t\t\t<div class=\"elementor-element elementor-element-c114db3 elementor-widget elementor-widget-shortcode\" data-id=\"c114db3\" data-element_type=\"widget\" data-settings=\"{&quot;grandrestaurant_ext_link_reservation&quot;:&quot;false&quot;,&quot;grandrestaurant_ext_link_sidemenu&quot;:&quot;false&quot;,&quot;grandrestaurant_ext_is_scrollme&quot;:&quot;false&quot;,&quot;grandrestaurant_ext_is_smoove&quot;:&quot;false&quot;,&quot;grandrestaurant_ext_is_parallax_mouse&quot;:&quot;false&quot;,&quot;grandrestaurant_ext_is_infinite&quot;:&quot;false&quot;,&quot;grandrestaurant_ext_is_fadeout_animation&quot;:&quot;false&quot;}\" data-widget_type=\"shortcode.default\">\n\t\t\t\t<div class=\"elementor-widget-container\">\n\t\t\t\t\t<div class=\"elementor-shortcode\"><span class=\"bentral-get-booking\"><script src=\"\/\/www.bentral.com\/service\/embed\/booking.js?id=5f6a63774e515f4d&uid=5f6a59324d515f4e&unit=5f6a59324d515f4e&lang=en&key=ce1d72779ee45394d2d0f0f518784bbf&poweredby=0&width=full&header-bg=373536&header-color=ffffff&btn-bg=373536&btn-color=ffffff&border-color=373536\"><\/script><\/span><\/div>\n\t\t\t\t<\/div>\n\t\t\t\t<\/div>\n\t\t\t\t\t<\/div>\n\t\t<\/div>\n\t\t\t\t<div class=\"elementor-column elementor-col-66 elementor-top-column elementor-element elementor-element-3f28350\" data-id=\"3f28350\" data-element_type=\"column\" data-settings=\"{&quot;grandrestaurant_ext_link_reservation&quot;:&quot;false&quot;,&quot;grandrestaurant_ext_link_sidemenu&quot;:&quot;false&quot;,&quot;grandrestaurant_ext_is_scrollme&quot;:&quot;false&quot;,&quot;grandrestaurant_ext_is_smoove&quot;:&quot;false&quot;,&quot;grandrestaurant_ext_is_parallax_mouse&quot;:&quot;false&quot;,&quot;grandrestaurant_ext_is_infinite&quot;:&quot;false&quot;,&quot;grandrestaurant_ext_is_fadeout_animation&quot;:&quot;false&quot;}\">\n\t\t\t<div class=\"elementor-widget-wrap elementor-element-populated\">\n\t\t\t\t\t\t\t\t<div class=\"elementor-element elementor-element-f9d2d87 elementor-widget elementor-widget-shortcode\" data-id=\"f9d2d87\" data-element_type=\"widget\" data-settings=\"{&quot;grandrestaurant_ext_link_reservation&quot;:&quot;false&quot;,&quot;grandrestaurant_ext_link_sidemenu&quot;:&quot;false&quot;,&quot;grandrestaurant_ext_is_scrollme&quot;:&quot;false&quot;,&quot;grandrestaurant_ext_is_smoove&quot;:&quot;false&quot;,&quot;grandrestaurant_ext_is_parallax_mouse&quot;:&quot;false&quot;,&quot;grandrestaurant_ext_is_infinite&quot;:&quot;false&quot;,&quot;grandrestaurant_ext_is_fadeout_animation&quot;:&quot;false&quot;}\" data-widget_type=\"shortcode.default\">\n\t\t\t\t<div class=\"elementor-widget-container\">\n\t\t\t\t\t<div class=\"elementor-shortcode\"><style>\/* -------------- GALLERY STYLE -------------- *\/\r\n.card-zoom-image {\r\n    transition-property: all;\r\n    transition-timing-function: cubic-bezier(0.4, 0, 0.2, 1);\r\n    transition-duration: 150ms;\r\n}\r\n.card-zoom-image:hover {\r\n    transform: scale(1.05);\r\n}\r\n\r\n.sl-image img {\r\n    cursor: grab;\r\n    cursor: -moz-grab;\r\n    cursor: -webkit-grab;\r\n}\r\n\r\n.sl-image img:active {\r\n    cursor: grabbing;\r\n    cursor: -moz-grabbing;\r\n    cursor: -webkit-grabbing;\r\n}\r\n\r\n.bentral-gallery .bentral-img.view-all,\r\n.bentral-gallery .image-big,\r\n.bentral-gallery .image-thumb{\r\n    cursor: pointer;\r\n}\r\n\r\n.rsNav.rsThumbs.rsThumbsHor {\r\n    padding: 2px;\r\n}<\/style><div class=\"bentral-gallery royalSlider rsUni rsHor rs-image-gallery rsWithThumbs rsWithThumbsHor\" style=\"width: 100%; height: 500px; touch-action: pan-y;\"  data-gallery-id=\"5605\" data-gallery-type=\"slider\" data-slider-width=\"100%\" data-slider-height=\"500px\" data-slider-type=\"gallery\" data-slider-auto-play=\"1\" data-slider-delay=\"1000\" data-slider-fullscreen=\"1\"><a class=\"rsImg\" href=\"https:\/\/data.bentral.com\/images\/5f6a63774e515f4d\/5f6a59324d515f4e\/3.jpg\"><img decoding=\"async\" src=\"https:\/\/data.bentral.com\/images\/5f6a63774e515f4d\/5f6a59324d515f4e\/3.jpg\" class=\"rsTmb\"\/><\/a><a class=\"rsImg\" href=\"https:\/\/data.bentral.com\/images\/5f6a63774e515f4d\/5f6a59324d515f4e\/1.jpg\"><img decoding=\"async\" src=\"https:\/\/data.bentral.com\/images\/5f6a63774e515f4d\/5f6a59324d515f4e\/1.jpg\" class=\"rsTmb\"\/><\/a><a class=\"rsImg\" href=\"https:\/\/data.bentral.com\/images\/5f6a63774e515f4d\/5f6a59324d515f4e\/2.jpg\"><img decoding=\"async\" src=\"https:\/\/data.bentral.com\/images\/5f6a63774e515f4d\/5f6a59324d515f4e\/2.jpg\" class=\"rsTmb\"\/><\/a><\/div><\/div>\n\t\t\t\t<\/div>\n\t\t\t\t<\/div>\n\t\t\t\t<div class=\"elementor-element elementor-element-20a6207 elementor-widget elementor-widget-shortcode\" data-id=\"20a6207\" data-element_type=\"widget\" data-settings=\"{&quot;grandrestaurant_ext_link_reservation&quot;:&quot;false&quot;,&quot;grandrestaurant_ext_link_sidemenu&quot;:&quot;false&quot;,&quot;grandrestaurant_ext_is_scrollme&quot;:&quot;false&quot;,&quot;grandrestaurant_ext_is_smoove&quot;:&quot;false&quot;,&quot;grandrestaurant_ext_is_parallax_mouse&quot;:&quot;false&quot;,&quot;grandrestaurant_ext_is_infinite&quot;:&quot;false&quot;,&quot;grandrestaurant_ext_is_fadeout_animation&quot;:&quot;false&quot;}\" data-widget_type=\"shortcode.default\">\n\t\t\t\t<div class=\"elementor-widget-container\">\n\t\t\t\t\t<div class=\"elementor-shortcode\"><script src=\"\/\/www.bentral.com\/service\/embed\/calendar.js?id=5f6a63774e515f4d&uid=5f6a59324d515f4e&unit=5f6a59324d515f4e&lang=en&key=ce1d72779ee45394d2d0f0f518784bbf&poweredby=0&width=full&months=3&cols=3&header2-bg=373536&header2-color=ffffff&border-color=373536&legend-color=373536\"><\/script><\/div>\n\t\t\t\t<\/div>\n\t\t\t\t<\/div>\n\t\t\t\t<div class=\"elementor-element elementor-element-79ae515 elementor-widget elementor-widget-shortcode\" data-id=\"79ae515\" data-element_type=\"widget\" data-settings=\"{&quot;grandrestaurant_ext_link_reservation&quot;:&quot;false&quot;,&quot;grandrestaurant_ext_link_sidemenu&quot;:&quot;false&quot;,&quot;grandrestaurant_ext_is_scrollme&quot;:&quot;false&quot;,&quot;grandrestaurant_ext_is_smoove&quot;:&quot;false&quot;,&quot;grandrestaurant_ext_is_parallax_mouse&quot;:&quot;false&quot;,&quot;grandrestaurant_ext_is_infinite&quot;:&quot;false&quot;,&quot;grandrestaurant_ext_is_fadeout_animation&quot;:&quot;false&quot;}\" data-widget_type=\"shortcode.default\">\n\t\t\t\t<div class=\"elementor-widget-container\">\n\t\t\t\t\t<div class=\"elementor-shortcode\"><script src=\"\/\/www.bentral.com\/service\/embed\/price-list.js?id=5f6a63774e515f4d&uid=5f6a59324d515f4e&unit=5f6a59324d515f4e&lang=en&key=ce1d72779ee45394d2d0f0f518784bbf&poweredby=0&width=full&header2-bg=373536&header2-color=ffffff&border-color=373536&legend-color=373536&list=false&legend=false\"><\/script><\/div>\n\t\t\t\t<\/div>\n\t\t\t\t<\/div>\n\t\t\t\t\t<\/div>\n\t\t<\/div>\n\t\t\t\t\t\t\t<\/div>\n\t\t<\/section>\n\t\t\t\t<section class=\"elementor-section elementor-top-section elementor-element elementor-element-cbe5c57 elementor-section-full_width elementor-section-height-default elementor-section-height-default\" data-id=\"cbe5c57\" data-element_type=\"section\" data-settings=\"{&quot;jet_parallax_layout_list&quot;:[],&quot;grandrestaurant_ext_is_background_parallax&quot;:&quot;false&quot;,&quot;grandrestaurant_ext_is_background_on_scroll&quot;:&quot;false&quot;}\">\n\t\t\t\t\t\t<div class=\"elementor-container elementor-column-gap-default\">\n\t\t\t\t\t<div class=\"elementor-column elementor-col-100 elementor-top-column elementor-element elementor-element-e3151ea\" data-id=\"e3151ea\" data-element_type=\"column\" data-settings=\"{&quot;grandrestaurant_ext_link_reservation&quot;:&quot;false&quot;,&quot;grandrestaurant_ext_link_sidemenu&quot;:&quot;false&quot;,&quot;grandrestaurant_ext_is_scrollme&quot;:&quot;false&quot;,&quot;grandrestaurant_ext_is_smoove&quot;:&quot;false&quot;,&quot;grandrestaurant_ext_is_parallax_mouse&quot;:&quot;false&quot;,&quot;grandrestaurant_ext_is_infinite&quot;:&quot;false&quot;,&quot;grandrestaurant_ext_is_fadeout_animation&quot;:&quot;false&quot;}\">\n\t\t\t<div class=\"elementor-widget-wrap elementor-element-populated\">\n\t\t\t\t\t\t\t\t<div class=\"elementor-element elementor-element-6754e27 elementor-widget elementor-widget-shortcode\" data-id=\"6754e27\" data-element_type=\"widget\" data-settings=\"{&quot;grandrestaurant_ext_link_reservation&quot;:&quot;false&quot;,&quot;grandrestaurant_ext_link_sidemenu&quot;:&quot;false&quot;,&quot;grandrestaurant_ext_is_scrollme&quot;:&quot;false&quot;,&quot;grandrestaurant_ext_is_smoove&quot;:&quot;false&quot;,&quot;grandrestaurant_ext_is_parallax_mouse&quot;:&quot;false&quot;,&quot;grandrestaurant_ext_is_infinite&quot;:&quot;false&quot;,&quot;grandrestaurant_ext_is_fadeout_animation&quot;:&quot;false&quot;}\" data-widget_type=\"shortcode.default\">\n\t\t\t\t<div class=\"elementor-widget-container\">\n\t\t\t\t\t<div class=\"elementor-shortcode\">    <div id=\"bentral_map_e3f5158f-7200-4ab8-8d40-d0ed3ad7d1e3\" style=\"width:100%; height:350px;\"><\/div>\r\n    <style>\r\n        .gm-style-iw.gm-style-iw-c {\r\n            padding: 0 !important;\r\n            margin: 0;\r\n        }\r\n\r\n        .mapPopup {\r\n            width: 340px;\r\n            text-align: center;\r\n        }\r\n\r\n        .mapPopup h5 {\r\n            background: #bb9e42;\r\n            font-size: 11px;\r\n            padding: 10px;\r\n            color: #fff;\r\n            margin: 0;\r\n        }\r\n\r\n        .mapPopup .mapBTN {\r\n            width: 100%;\r\n            height: 30px;\r\n            color: #FFF;\r\n            font-weight: bold;\r\n            background-color: #bb9e42;\r\n            text-align: center;\r\n            display: block;\r\n            line-height: 30px;\r\n        }\r\n    <\/style>\r\n    <script>\r\n        let markers = [{\"id\":\"5f6a59324d515f4e\",\"post_id\":5605,\"title\":\"Triple room with terrace\",\"lat\":46.238689,\"lng\":14.414618,\"img\":\"https:\\\/\\\/ancka.si\\\/wp-content\\\/plugins\\\/d4-bentral\\\/assets\\\/front\\\/img\\\/placeholder-image.jpg\",\"images\":[\"https:\\\/\\\/data.bentral.com\\\/images\\\/5f6a63774e515f4d\\\/5f6a59324d515f4e\\\/3.jpg\",\"https:\\\/\\\/data.bentral.com\\\/images\\\/5f6a63774e515f4d\\\/5f6a59324d515f4e\\\/1.jpg\",\"https:\\\/\\\/data.bentral.com\\\/images\\\/5f6a63774e515f4d\\\/5f6a59324d515f4e\\\/2.jpg\"],\"link\":\"https:\\\/\\\/ancka.si\\\/en\\\/?post_type=page&p=5605\"}];\r\n\r\n        function initMap() {\r\n            var myLatlng = new google.maps.LatLng(46.238689, 14.414618);\r\n            var mapOptions = {\r\n                zoom     : 15,\r\n                center   : myLatlng,\r\n                mapTypeId: 'roadmap'\r\n            };\r\n            var map = new google.maps.Map(document.getElementById('bentral_map_e3f5158f-7200-4ab8-8d40-d0ed3ad7d1e3'), mapOptions);\r\n            var infoWindow = new google.maps.InfoWindow;\r\n\r\n            for (var i = 0; i < markers.length; i++) {\r\n                var data = markers[i];\r\n                var myLatlng = new google.maps.LatLng(data.lat, data.lng);\r\n                var marker = new google.maps.Marker({\r\n                    position: myLatlng,\r\n                    map     : map,\r\n                    title   : data.title\r\n                });\r\n                \/\/Attach click event to the marker.\r\n                (function (marker, data) {\r\n                    google.maps.event.addListener(marker, \"click\", function (e) {\r\n                        \/\/ multi line js string\r\n                        let template = `\r\n                        <div class='mapPopup'>\r\n                            <a href='${data.link}'>\r\n                                <h5>${data.title}<\/h5>\r\n                                <div style=\"width: 100%; height: 250px; background-image: url('${data.img}'); background-position: center center; background-size: cover\"><\/div>\r\n                            <\/a>\r\n                            <a href='\" + data.link + \"' class='mapBTN'>INFO<\/a>\r\n                        <\/div>`;\r\n                        infoWindow.setContent(template);\r\n                        infoWindow.open(map, marker);\r\n                    });\r\n                })(marker, data);\r\n            }\r\n        }\r\n    <\/script>\r\n    <script src=\"https:\/\/maps.googleapis.com\/maps\/api\/js?key=AIzaSyD0NAgVg-cdqsueplSpmyRWRb9NKOxRY9A&callback=initMap\" async defer><\/script>\r\n<\/div>\n\t\t\t\t<\/div>\n\t\t\t\t<\/div>\n\t\t\t\t\t<\/div>\n\t\t<\/div>\n\t\t\t\t\t\t\t<\/div>\n\t\t<\/section>\n\t\t\t\t\t\t\t<\/div>\n\t\t","protected":false},"excerpt":{"rendered":"","protected":false},"author":1,"featured_media":0,"parent":5329,"menu_order":0,"comment_status":"closed","ping_status":"closed","template":"","meta":{"footnotes":""},"yoast_head":"<!-- This site is optimized with the Yoast SEO plugin v20.5 - https:\/\/yoast.com\/wordpress\/plugins\/seo\/ -->\n<title>Triple room with terrace | Hi\u0161a An\u010dka<\/title>\n<meta name=\"description\" content=\"The rooms in Hi\u0161a An\u010dka are new and modernly furnished. You can stay in one, two and three-bed rooms. We are only 2 km from the airport.\" \/>\n<meta name=\"robots\" content=\"index, follow, max-snippet:-1, max-image-preview:large, max-video-preview:-1\" \/>\n<link rel=\"canonical\" href=\"https:\/\/ancka.si\/en\/rooms\/triple-room-with-terrace\/\" \/>\n<meta property=\"og:locale\" content=\"en_US\" \/>\n<meta property=\"og:type\" content=\"article\" \/>\n<meta property=\"og:title\" content=\"Triple room with terrace | Hi\u0161a An\u010dka\" \/>\n<meta property=\"og:description\" content=\"The rooms in Hi\u0161a An\u010dka are new and modernly furnished. You can stay in one, two and three-bed rooms. We are only 2 km from the airport.\" \/>\n<meta property=\"og:url\" content=\"https:\/\/ancka.si\/en\/rooms\/triple-room-with-terrace\/\" \/>\n<meta property=\"og:site_name\" content=\"Hi\u0161a An\u010dka\" \/>\n<meta property=\"article:publisher\" content=\"https:\/\/www.facebook.com\/gostilnaAncka1968\/\" \/>\n<meta property=\"article:modified_time\" content=\"2024-01-25T23:28:40+00:00\" \/>\n<meta property=\"og:image\" content=\"https:\/\/ancka.si\/wp-content\/uploads\/2022\/01\/Gostilna-Ancka-interier-2014-23-.jpg\" \/>\n\t<meta property=\"og:image:width\" content=\"1222\" \/>\n\t<meta property=\"og:image:height\" content=\"813\" \/>\n\t<meta property=\"og:image:type\" content=\"image\/jpeg\" \/>\n<meta name=\"twitter:card\" content=\"summary_large_image\" \/>\n<script type=\"application\/ld+json\" class=\"yoast-schema-graph\">{\"@context\":\"https:\/\/schema.org\",\"@graph\":[{\"@type\":\"WebPage\",\"@id\":\"https:\/\/ancka.si\/en\/rooms\/triple-room-with-terrace\/\",\"url\":\"https:\/\/ancka.si\/en\/rooms\/triple-room-with-terrace\/\",\"name\":\"Triple room with terrace | Hi\u0161a An\u010dka\",\"isPartOf\":{\"@id\":\"https:\/\/ancka.si\/#website\"},\"datePublished\":\"2024-01-25T23:19:35+00:00\",\"dateModified\":\"2024-01-25T23:28:40+00:00\",\"description\":\"The rooms in Hi\u0161a An\u010dka are new and modernly furnished. You can stay in one, two and three-bed rooms. We are only 2 km from the airport.\",\"breadcrumb\":{\"@id\":\"https:\/\/ancka.si\/en\/rooms\/triple-room-with-terrace\/#breadcrumb\"},\"inLanguage\":\"en-US\",\"potentialAction\":[{\"@type\":\"ReadAction\",\"target\":[\"https:\/\/ancka.si\/en\/rooms\/triple-room-with-terrace\/\"]}]},{\"@type\":\"BreadcrumbList\",\"@id\":\"https:\/\/ancka.si\/en\/rooms\/triple-room-with-terrace\/#breadcrumb\",\"itemListElement\":[{\"@type\":\"ListItem\",\"position\":1,\"name\":\"Home\",\"item\":\"https:\/\/ancka.si\/\"},{\"@type\":\"ListItem\",\"position\":2,\"name\":\"Rooms\",\"item\":\"https:\/\/ancka.si\/en\/rooms\/\"},{\"@type\":\"ListItem\",\"position\":3,\"name\":\"Triple room with terrace\"}]},{\"@type\":\"WebSite\",\"@id\":\"https:\/\/ancka.si\/#website\",\"url\":\"https:\/\/ancka.si\/\",\"name\":\"Hi\u0161a An\u010dka\",\"description\":\"Dobra doma\u010da slovenska hrana od leta 1968\",\"publisher\":{\"@id\":\"https:\/\/ancka.si\/#organization\"},\"potentialAction\":[{\"@type\":\"SearchAction\",\"target\":{\"@type\":\"EntryPoint\",\"urlTemplate\":\"https:\/\/ancka.si\/?s={search_term_string}\"},\"query-input\":\"required name=search_term_string\"}],\"inLanguage\":\"en-US\"},{\"@type\":\"Organization\",\"@id\":\"https:\/\/ancka.si\/#organization\",\"name\":\"Gostilna An\u010dka\",\"url\":\"https:\/\/ancka.si\/\",\"logo\":{\"@type\":\"ImageObject\",\"inLanguage\":\"en-US\",\"@id\":\"https:\/\/ancka.si\/#\/schema\/logo\/image\/\",\"url\":\"http:\/\/ancka.si\/wp-content\/uploads\/2022\/01\/hisa_ancka_logo.png\",\"contentUrl\":\"http:\/\/ancka.si\/wp-content\/uploads\/2022\/01\/hisa_ancka_logo.png\",\"width\":1000,\"height\":1098,\"caption\":\"Gostilna An\u010dka\"},\"image\":{\"@id\":\"https:\/\/ancka.si\/#\/schema\/logo\/image\/\"},\"sameAs\":[\"https:\/\/www.facebook.com\/gostilnaAncka1968\/\"]}]}<\/script>\n<!-- \/ Yoast SEO plugin. -->","yoast_head_json":{"title":"Triple room with terrace | Hi\u0161a An\u010dka","description":"The rooms in Hi\u0161a An\u010dka are new and modernly furnished. You can stay in one, two and three-bed rooms. We are only 2 km from the airport.","robots":{"index":"index","follow":"follow","max-snippet":"max-snippet:-1","max-image-preview":"max-image-preview:large","max-video-preview":"max-video-preview:-1"},"canonical":"https:\/\/ancka.si\/en\/rooms\/triple-room-with-terrace\/","og_locale":"en_US","og_type":"article","og_title":"Triple room with terrace | Hi\u0161a An\u010dka","og_description":"The rooms in Hi\u0161a An\u010dka are new and modernly furnished. You can stay in one, two and three-bed rooms. We are only 2 km from the airport.","og_url":"https:\/\/ancka.si\/en\/rooms\/triple-room-with-terrace\/","og_site_name":"Hi\u0161a An\u010dka","article_publisher":"https:\/\/www.facebook.com\/gostilnaAncka1968\/","article_modified_time":"2024-01-25T23:28:40+00:00","og_image":[{"width":1222,"height":813,"url":"https:\/\/ancka.si\/wp-content\/uploads\/2022\/01\/Gostilna-Ancka-interier-2014-23-.jpg","type":"image\/jpeg"}],"twitter_card":"summary_large_image","schema":{"@context":"https:\/\/schema.org","@graph":[{"@type":"WebPage","@id":"https:\/\/ancka.si\/en\/rooms\/triple-room-with-terrace\/","url":"https:\/\/ancka.si\/en\/rooms\/triple-room-with-terrace\/","name":"Triple room with terrace | Hi\u0161a An\u010dka","isPartOf":{"@id":"https:\/\/ancka.si\/#website"},"datePublished":"2024-01-25T23:19:35+00:00","dateModified":"2024-01-25T23:28:40+00:00","description":"The rooms in Hi\u0161a An\u010dka are new and modernly furnished. You can stay in one, two and three-bed rooms. We are only 2 km from the airport.","breadcrumb":{"@id":"https:\/\/ancka.si\/en\/rooms\/triple-room-with-terrace\/#breadcrumb"},"inLanguage":"en-US","potentialAction":[{"@type":"ReadAction","target":["https:\/\/ancka.si\/en\/rooms\/triple-room-with-terrace\/"]}]},{"@type":"BreadcrumbList","@id":"https:\/\/ancka.si\/en\/rooms\/triple-room-with-terrace\/#breadcrumb","itemListElement":[{"@type":"ListItem","position":1,"name":"Home","item":"https:\/\/ancka.si\/"},{"@type":"ListItem","position":2,"name":"Rooms","item":"https:\/\/ancka.si\/en\/rooms\/"},{"@type":"ListItem","position":3,"name":"Triple room with terrace"}]},{"@type":"WebSite","@id":"https:\/\/ancka.si\/#website","url":"https:\/\/ancka.si\/","name":"Hi\u0161a An\u010dka","description":"Dobra doma\u010da slovenska hrana od leta 1968","publisher":{"@id":"https:\/\/ancka.si\/#organization"},"potentialAction":[{"@type":"SearchAction","target":{"@type":"EntryPoint","urlTemplate":"https:\/\/ancka.si\/?s={search_term_string}"},"query-input":"required name=search_term_string"}],"inLanguage":"en-US"},{"@type":"Organization","@id":"https:\/\/ancka.si\/#organization","name":"Gostilna An\u010dka","url":"https:\/\/ancka.si\/","logo":{"@type":"ImageObject","inLanguage":"en-US","@id":"https:\/\/ancka.si\/#\/schema\/logo\/image\/","url":"http:\/\/ancka.si\/wp-content\/uploads\/2022\/01\/hisa_ancka_logo.png","contentUrl":"http:\/\/ancka.si\/wp-content\/uploads\/2022\/01\/hisa_ancka_logo.png","width":1000,"height":1098,"caption":"Gostilna An\u010dka"},"image":{"@id":"https:\/\/ancka.si\/#\/schema\/logo\/image\/"},"sameAs":["https:\/\/www.facebook.com\/gostilnaAncka1968\/"]}]}},"_links":{"self":[{"href":"https:\/\/ancka.si\/en\/wp-json\/wp\/v2\/pages\/5605"}],"collection":[{"href":"https:\/\/ancka.si\/en\/wp-json\/wp\/v2\/pages"}],"about":[{"href":"https:\/\/ancka.si\/en\/wp-json\/wp\/v2\/types\/page"}],"author":[{"embeddable":true,"href":"https:\/\/ancka.si\/en\/wp-json\/wp\/v2\/users\/1"}],"replies":[{"embeddable":true,"href":"https:\/\/ancka.si\/en\/wp-json\/wp\/v2\/comments?post=5605"}],"version-history":[{"count":1,"href":"https:\/\/ancka.si\/en\/wp-json\/wp\/v2\/pages\/5605\/revisions"}],"predecessor-version":[{"id":5606,"href":"https:\/\/ancka.si\/en\/wp-json\/wp\/v2\/pages\/5605\/revisions\/5606"}],"up":[{"embeddable":true,"href":"https:\/\/ancka.si\/en\/wp-json\/wp\/v2\/pages\/5329"}],"wp:attachment":[{"href":"https:\/\/ancka.si\/en\/wp-json\/wp\/v2\/media?parent=5605"}],"curies":[{"name":"wp","href":"https:\/\/api.w.org\/{rel}","templated":true}]}}